{"id":591,"date":"2019-06-21T11:05:44","date_gmt":"2019-06-21T11:05:44","guid":{"rendered":"http:\/\/tinytreasures.lt\/?page_id=591"},"modified":"2025-11-20T10:49:02","modified_gmt":"2025-11-20T08:49:02","slug":"contact","status":"publish","type":"page","link":"https:\/\/tinytreasures.lt\/en\/contact\/","title":{"rendered":"Contact"},"content":{"rendered":"\t\t<div data-elementor-type=\"wp-post\" data-elementor-id=\"591\" class=\"elementor elementor-591\">\n\t\t\t\t\t\t<section class=\"elementor-section elementor-top-section elementor-element elementor-element-0e74a19 elementor-section-stretched elementor-section-content-top elementor-section-boxed elementor-section-height-default elementor-section-height-default\" data-id=\"0e74a19\" data-element_type=\"section\" data-settings=\"{&quot;stretch_section&quot;:&quot;section-stretched&quot;}\">\n\t\t\t\t\t\t<div class=\"elementor-container elementor-column-gap-no\">\n\t\t\t\t\t<div class=\"elementor-column elementor-col-50 elementor-top-column elementor-element elementor-element-e27dd46\" data-id=\"e27dd46\" data-element_type=\"column\">\n\t\t\t<div class=\"elementor-widget-wrap elementor-element-populated\">\n\t\t\t\t\t\t<div class=\"elementor-element elementor-element-9c6011a contact-form elementor-widget elementor-widget-shortcode\" data-id=\"9c6011a\" data-element_type=\"widget\" data-widget_type=\"shortcode.default\">\n\t\t\t\t<div class=\"elementor-widget-container\">\n\t\t\t\t\t\t\t<div class=\"elementor-shortcode\">\n<div class=\"wpcf7 no-js\" id=\"wpcf7-f593-o1\" lang=\"en-GB\" dir=\"ltr\" data-wpcf7-id=\"593\">\n<div class=\"screen-reader-response\"><p role=\"status\" aria-live=\"polite\" aria-atomic=\"true\"><\/p> <ul><\/ul><\/div>\n<form action=\"\/en\/wp-json\/wp\/v2\/pages\/591#wpcf7-f593-o1\" method=\"post\" class=\"wpcf7-form init\" aria-label=\"Contact form\" novalidate=\"novalidate\" data-status=\"init\">\n<div style=\"display: none;\">\n<input type=\"hidden\" name=\"_wpcf7\" value=\"593\" \/>\n<input type=\"hidden\" name=\"_wpcf7_version\" value=\"6.0.5\" \/>\n<input type=\"hidden\" name=\"_wpcf7_locale\" value=\"en_GB\" \/>\n<input type=\"hidden\" name=\"_wpcf7_unit_tag\" value=\"wpcf7-f593-o1\" \/>\n<input type=\"hidden\" name=\"_wpcf7_container_post\" value=\"0\" \/>\n<input type=\"hidden\" name=\"_wpcf7_posted_data_hash\" value=\"\" \/>\n<\/div>\n<h3 class=\"rtin-title\">Send Us a Message<\/h3>\n<div class=\"row\">\n             <div class=\"col-md-6 form-group\">\n                  <label class=\"sr-only\" for=\"hdd-name\">name<\/label>\n                  <span class=\"wpcf7-form-control-wrap\" data-name=\"your-name\"><input size=\"40\" maxlength=\"400\" class=\"wpcf7-form-control wpcf7-text wpcf7-validates-as-required form-control\" id=\"hdd-name\" aria-required=\"true\" aria-invalid=\"false\" placeholder=\"Name *\" value=\"\" type=\"text\" name=\"your-name\" \/><\/span>\n             <\/div>\n             <div class=\"col-md-6 form-group\">\n                  <label class=\"sr-only\" for=\"hdd-email\">email<\/label>\n                  <span class=\"wpcf7-form-control-wrap\" data-name=\"your-email\"><input size=\"40\" maxlength=\"400\" class=\"wpcf7-form-control wpcf7-email wpcf7-validates-as-required wpcf7-text wpcf7-validates-as-email form-control\" id=\"hdd-email\" aria-required=\"true\" aria-invalid=\"false\" placeholder=\"Email *\" value=\"\" type=\"email\" name=\"your-email\" \/><\/span>\n             <\/div>\n        <\/div>\n\t<div class=\"row\">\n             <div class=\"col-md-6 form-group\">\n                 <label class=\"sr-only\" for=\"hdd-subject\">subject<\/label>\n                 <span class=\"wpcf7-form-control-wrap\" data-name=\"your-subject\"><input size=\"40\" maxlength=\"400\" class=\"wpcf7-form-control wpcf7-text wpcf7-validates-as-required form-control\" id=\"hdd-subject\" aria-required=\"true\" aria-invalid=\"false\" placeholder=\"Subject *\" value=\"\" type=\"text\" name=\"your-subject\" \/><\/span>\n             <\/div>\n             <div class=\"col-md-6 form-group\">\n                 <label class=\"sr-only\" for=\"hdd-phone\">phone<\/label>\n                 <span class=\"wpcf7-form-control-wrap\" data-name=\"your-phone\"><input size=\"40\" maxlength=\"400\" class=\"wpcf7-form-control wpcf7-tel wpcf7-text wpcf7-validates-as-tel form-control\" id=\"hdd-phone\" aria-invalid=\"false\" placeholder=\"Phone\" value=\"\" type=\"tel\" name=\"your-phone\" \/><\/span>\n              <\/div>\n        <\/div>\n\t<div class=\"form-group\">\n             <label class=\"sr-only\" for=\"hdd-message\">message<\/label>\n             <span class=\"wpcf7-form-control-wrap\" data-name=\"your-message\"><textarea cols=\"40\" rows=\"10\" maxlength=\"2000\" class=\"wpcf7-form-control wpcf7-textarea wpcf7-validates-as-required form-control\" id=\"hdd-message\" aria-required=\"true\" aria-invalid=\"false\" placeholder=\"Message *\" name=\"your-message\"><\/textarea><\/span>\n         <\/div>\n\t<div class=\"form-group\"><input class=\"wpcf7-form-control wpcf7-submit has-spinner\" type=\"submit\" value=\"Submit\" \/><\/div>\n\t<div class=\"wpcf7-response-output\" aria-hidden=\"true\"><\/div>\n<\/form>\n<\/div>\n<\/div>\n\t\t\t\t\t\t<\/div>\n\t\t\t\t<\/div>\n\t\t\t\t\t<\/div>\n\t\t<\/div>\n\t\t\t\t<div class=\"elementor-column elementor-col-50 elementor-top-column elementor-element elementor-element-6a720ac contact-info\" data-id=\"6a720ac\" data-element_type=\"column\" data-settings=\"{&quot;background_background&quot;:&quot;classic&quot;}\">\n\t\t\t<div class=\"elementor-widget-wrap elementor-element-populated\">\n\t\t\t\t\t\t<div class=\"elementor-element elementor-element-81704cf elementor-widget elementor-widget-heading\" data-id=\"81704cf\" data-element_type=\"widget\" data-widget_type=\"heading.default\">\n\t\t\t\t<div class=\"elementor-widget-container\">\n\t\t\t\t\t<h3 class=\"elementor-heading-title elementor-size-default\">Looking Forward to Hear From You<\/h3>\t\t\t\t<\/div>\n\t\t\t\t<\/div>\n\t\t\t\t<div class=\"elementor-element elementor-element-3c00452 elementor-widget__width-initial elementor-widget elementor-widget-text-editor\" data-id=\"3c00452\" data-element_type=\"widget\" data-widget_type=\"text-editor.default\">\n\t\t\t\t<div class=\"elementor-widget-container\">\n\t\t\t\t\t\t\t\t\t<p><strong><span class=\"fabric-text-color-mark\" data-renderer-mark=\"true\" data-text-custom-color=\"#0747a6\">Contact us with any questions, we\u2019re happy to help! <\/span><\/strong><\/p>\t\t\t\t\t\t\t\t<\/div>\n\t\t\t\t<\/div>\n\t\t\t\t<div class=\"elementor-element elementor-element-66654f2 contact-info-details elementor-widget elementor-widget-rt-contact\" data-id=\"66654f2\" data-element_type=\"widget\" data-widget_type=\"rt-contact.default\">\n\t\t\t\t<div class=\"elementor-widget-container\">\n\t\t\t\t\t<div class=\"rt-el-contact\">\r\n\t<ul>\r\n\t\t\t\t\t<li>\r\n\t\t\t\t<div class=\"rtin-icon\"><span class=\"flaticon-placeholder\"><\/span><\/div>\r\n\t\t\t\t<div class=\"rtin-content\">\r\n\t\t\t\t\t<h4 class=\"rtin-label\">Address<\/h4>\r\n\t\t\t\t\t<p class=\"rtin-value\">Ma\u017e\u0173j\u0173 d\u017eiaugsmas, MB<br \/>\nLaur\u0173 Sod\u0173 4- oji g. 52, Vilnius<\/p>\r\n\t\t\t\t<\/div>\r\n\t\t\t<\/li>\r\n\t\t\r\n\t\t\t\t\t<li>\r\n\t\t\t\t<div class=\"rtin-icon\"><span class=\"flaticon-phone-call\"><\/span><\/div>\r\n\t\t\t\t<div class=\"rtin-content\">\r\n\t\t\t\t\t<h4 class=\"rtin-label\">Phone<\/h4>\r\n\t\t\t\t\t<p class=\"rtin-value\"><a href=\"tel:+37067165215\">+370 671 65215<\/a><\/p>\r\n\t\t\t\t<\/div>\r\n\t\t\t<\/li>\r\n\t\t\r\n\t\t\t\t\t<li>\r\n\t\t\t\t<div class=\"rtin-icon\"><span class=\"flaticon-envelope\"><\/span><\/div>\r\n\t\t\t\t<div class=\"rtin-content\">\r\n\t\t\t\t\t<h4 class=\"rtin-label\">Email<\/h4>\r\n\t\t\t\t\t<p class=\"rtin-value\"><a href=\"mailto: info@tinytreasures.lt\"> info@tinytreasures.lt<\/a><\/p>\r\n\t\t\t\t<\/div>\r\n\t\t\t<\/li>\r\n\t\t\t<\/ul>\r\n<\/div>\t\t\t\t<\/div>\n\t\t\t\t<\/div>\n\t\t\t\t<div class=\"elementor-element elementor-element-7f25009 e-grid-align-left contact-social-icon elementor-shape-rounded elementor-grid-0 elementor-widget elementor-widget-social-icons\" data-id=\"7f25009\" data-element_type=\"widget\" data-widget_type=\"social-icons.default\">\n\t\t\t\t<div class=\"elementor-widget-container\">\n\t\t\t\t\t\t\t<div class=\"elementor-social-icons-wrapper elementor-grid\">\n\t\t\t\t\t\t\t<span class=\"elementor-grid-item\">\n\t\t\t\t\t<a class=\"elementor-icon elementor-social-icon elementor-social-icon-facebook elementor-animation-pulse-grow elementor-repeater-item-09b8be8\" href=\"https:\/\/www.facebook.com\/people\/Tiny-Treasures-LT\/61574035174737\/\" target=\"_blank\">\n\t\t\t\t\t\t<span class=\"elementor-screen-only\">Facebook<\/span>\n\t\t\t\t\t\t<i class=\"fab fa-facebook\"><\/i>\t\t\t\t\t<\/a>\n\t\t\t\t<\/span>\n\t\t\t\t\t\t\t<span class=\"elementor-grid-item\">\n\t\t\t\t\t<a class=\"elementor-icon elementor-social-icon elementor-social-icon-instagram elementor-animation-pulse-grow elementor-repeater-item-61670fa\" href=\"https:\/\/www.instagram.com\/tinytreasures.lt\/\" target=\"_blank\">\n\t\t\t\t\t\t<span class=\"elementor-screen-only\">Instagram<\/span>\n\t\t\t\t\t\t<i class=\"fab fa-instagram\"><\/i>\t\t\t\t\t<\/a>\n\t\t\t\t<\/span>\n\t\t\t\t\t<\/div>\n\t\t\t\t\t\t<\/div>\n\t\t\t\t<\/div>\n\t\t\t\t\t<\/div>\n\t\t<\/div>\n\t\t\t\t\t<\/div>\n\t\t<\/section>\n\t\t\t\t<\/div>\n\t\t","protected":false},"excerpt":{"rendered":"<p>Looking Forward to Hear From You Contact us with any questions, we\u2019re happy to help! Address Ma\u017e\u0173j\u0173 d\u017eiaugsmas, MB Laur\u0173 Sod\u0173 4- oji g. 52, Vilnius Phone +370 671 65215 Email info@tinytreasures.lt Facebook Instagram<\/p>\n","protected":false},"author":1,"featured_media":0,"parent":0,"menu_order":0,"comment_status":"closed","ping_status":"closed","template":"templates\/blank.php","meta":{"om_disable_all_campaigns":false,"_monsterinsights_skip_tracking":false,"_monsterinsights_sitenote_active":false,"_monsterinsights_sitenote_note":"","_monsterinsights_sitenote_category":0,"_uf_show_specific_survey":0,"_uf_disable_surveys":false,"footnotes":""},"class_list":["post-591","page","type-page","status-publish","hentry"],"aioseo_notices":[],"_links":{"self":[{"href":"https:\/\/tinytreasures.lt\/en\/wp-json\/wp\/v2\/pages\/591","targetHints":{"allow":["GET"]}}],"collection":[{"href":"https:\/\/tinytreasures.lt\/en\/wp-json\/wp\/v2\/pages"}],"about":[{"href":"https:\/\/tinytreasures.lt\/en\/wp-json\/wp\/v2\/types\/page"}],"author":[{"embeddable":true,"href":"https:\/\/tinytreasures.lt\/en\/wp-json\/wp\/v2\/users\/1"}],"replies":[{"embeddable":true,"href":"https:\/\/tinytreasures.lt\/en\/wp-json\/wp\/v2\/comments?post=591"}],"version-history":[{"count":120,"href":"https:\/\/tinytreasures.lt\/en\/wp-json\/wp\/v2\/pages\/591\/revisions"}],"predecessor-version":[{"id":6106,"href":"https:\/\/tinytreasures.lt\/en\/wp-json\/wp\/v2\/pages\/591\/revisions\/6106"}],"wp:attachment":[{"href":"https:\/\/tinytreasures.lt\/en\/wp-json\/wp\/v2\/media?parent=591"}],"curies":[{"name":"wp","href":"https:\/\/api.w.org\/{rel}","templated":true}]}}